{"id":47,"date":"2024-05-06T07:00:31","date_gmt":"2024-05-06T07:00:31","guid":{"rendered":"https:\/\/chuonchuonbistrobar.com\/?page_id=47"},"modified":"2026-03-02T02:43:43","modified_gmt":"2026-03-02T02:43:43","slug":"menu","status":"publish","type":"page","link":"https:\/\/chuonchuonbistrobar.com\/vi\/menu\/","title":{"rendered":"Menu"},"content":{"rendered":"<div class=\"wp-block-group alignfull p-menu has-global-padding is-layout-constrained wp-container-core-group-is-layout-8 wp-block-group-is-layout-constrained\" style=\"padding-top:0;padding-right:var(--wp--preset--spacing--10);padding-bottom:0;padding-left:var(--wp--preset--spacing--10)\">\n<h1 class=\"wp-block-heading has-text-align-center has-text-color has-link-color has-svn-gotham-font-family wp-elements-afd5c234d59482f9673219b01946f96f\" style=\"color:#19322f;font-size:clamp(21.536px, 1.346rem + ((1vw - 3.2px) * 1.403), 35px);font-style:normal;font-weight:700\"><strong>Th\u1ef1c \u0111\u01a1n<\/strong><\/h1>\n\n\n\n<figure class=\"wp-block-gallery alignwide has-nested-images columns-default is-cropped p-menu__gellery wp-block-gallery-1 is-layout-flex wp-block-gallery-is-layout-flex\">\n<figure class=\"wp-block-image size-full\"><img loading=\"lazy\" decoding=\"async\" width=\"535\" height=\"800\" src=\"https:\/\/chuonchuonbistrobar.com\/wp-content\/uploads\/2024\/05\/img-food-drinks-menu-02.png\" alt=\"\" class=\"wp-image-326\" srcset=\"https:\/\/chuonchuonbistrobar.com\/wp-content\/uploads\/2024\/05\/img-food-drinks-menu-02.png 535w, https:\/\/chuonchuonbistrobar.com\/wp-content\/uploads\/2024\/05\/img-food-drinks-menu-02-201x300.png 201w, https:\/\/chuonchuonbistrobar.com\/wp-content\/uploads\/2024\/05\/img-food-drinks-menu-02-8x12.png 8w\" sizes=\"(max-width: 535px) 100vw, 535px\" \/><\/figure>\n\n\n\n<figure class=\"wp-block-image size-full\"><img loading=\"lazy\" decoding=\"async\" width=\"1320\" height=\"1980\" src=\"https:\/\/chuonchuonbistrobar.com\/wp-content\/uploads\/2025\/02\/TIV0103.jpg\" alt=\"\" class=\"wp-image-425\" srcset=\"https:\/\/chuonchuonbistrobar.com\/wp-content\/uploads\/2025\/02\/TIV0103.jpg 1320w, https:\/\/chuonchuonbistrobar.com\/wp-content\/uploads\/2025\/02\/TIV0103-200x300.jpg 200w, https:\/\/chuonchuonbistrobar.com\/wp-content\/uploads\/2025\/02\/TIV0103-683x1024.jpg 683w, https:\/\/chuonchuonbistrobar.com\/wp-content\/uploads\/2025\/02\/TIV0103-768x1152.jpg 768w, https:\/\/chuonchuonbistrobar.com\/wp-content\/uploads\/2025\/02\/TIV0103-1024x1536.jpg 1024w, https:\/\/chuonchuonbistrobar.com\/wp-content\/uploads\/2025\/02\/TIV0103-8x12.jpg 8w\" sizes=\"(max-width: 1320px) 100vw, 1320px\" \/><\/figure>\n\n\n\n<figure class=\"wp-block-image size-full\"><img loading=\"lazy\" decoding=\"async\" width=\"1707\" height=\"2560\" src=\"https:\/\/chuonchuonbistrobar.com\/wp-content\/uploads\/2025\/02\/TIV6155-scaled.jpg\" alt=\"\" class=\"wp-image-424\" srcset=\"https:\/\/chuonchuonbistrobar.com\/wp-content\/uploads\/2025\/02\/TIV6155-scaled.jpg 1707w, https:\/\/chuonchuonbistrobar.com\/wp-content\/uploads\/2025\/02\/TIV6155-200x300.jpg 200w, https:\/\/chuonchuonbistrobar.com\/wp-content\/uploads\/2025\/02\/TIV6155-683x1024.jpg 683w, https:\/\/chuonchuonbistrobar.com\/wp-content\/uploads\/2025\/02\/TIV6155-768x1152.jpg 768w, https:\/\/chuonchuonbistrobar.com\/wp-content\/uploads\/2025\/02\/TIV6155-1024x1536.jpg 1024w, https:\/\/chuonchuonbistrobar.com\/wp-content\/uploads\/2025\/02\/TIV6155-1365x2048.jpg 1365w, https:\/\/chuonchuonbistrobar.com\/wp-content\/uploads\/2025\/02\/TIV6155-8x12.jpg 8w\" sizes=\"(max-width: 1707px) 100vw, 1707px\" \/><\/figure>\n<\/figure>\n\n\n\n<div style=\"height:10px\" aria-hidden=\"true\" class=\"wp-block-spacer\"><\/div>\n\n\n\n<p class=\"has-text-align-center p-menu__des-text gotham-regular fadein has-text-color has-link-color has-svn-gotham-font-family wp-elements-02ee0fe14fd6a3e6d506adea65af1223\" style=\"color:#19322f;font-size:clamp(14px, 0.875rem + ((1vw - 3.2px) * 0.313), 17px);\">H\u00e3y b\u1eaft \u0111\u1ea7u h\u00e0nh tr\u00ecnh \u1ea9m th\u1ef1c t\u1ea1i Chu\u1ed3n Chu\u1ed3n Bistro &amp; Bar, n\u01a1i k\u1ebft h\u1ee3p tinh hoa \u1ea9m th\u1ef1c \u0111\u1ecba ph\u01b0\u01a1ng v\u00e0 phong c\u00e1ch hi\u1ec7n \u0111\u1ea1i, h\u1ee9a h\u1eb9n mang \u0111\u1ebfn m\u1ed9t cu\u1ed9c phi\u00eau l\u01b0u v\u1ecb gi\u00e1c kh\u00f3 qu\u00ean v\u1edbi c\u00e1c m\u00f3n \u0103n ngon mi\u1ec7ng.<\/p>\n\n\n\n<div style=\"height:10px\" aria-hidden=\"true\" class=\"wp-block-spacer\"><\/div>\n\n\n\n<div class=\"wp-block-buttons alignfull p-menu__btns fadein is-content-justification-center is-layout-flex wp-container-core-buttons-is-layout-1 wp-block-buttons-is-layout-flex\">\n<div class=\"wp-block-button has-custom-font-size c-home__links has-svn-gotham-font-family\" style=\"font-size:clamp(14px, 0.875rem + ((1vw - 3.2px) * 0.313), 17px);font-style:normal;font-weight:700\"><a class=\"wp-block-button__link has-text-color has-background has-link-color wp-element-button\" href=\"https:\/\/drive.google.com\/file\/d\/1gu44DmTk1lDGnkH3QlmxyP0-5dCmaeFa\/view?usp=sharing\" style=\"color:#eee8dd;background-color:#998543\" target=\"_blank\" rel=\"noreferrer noopener\"><strong>Eng\/Vie<\/strong><\/a><\/div>\n\n\n\n<div class=\"wp-block-button has-custom-font-size c-home__links has-svn-gotham-font-family\" style=\"font-size:clamp(14px, 0.875rem + ((1vw - 3.2px) * 0.313), 17px);font-style:normal;font-weight:700\"><a class=\"wp-block-button__link has-text-color has-background has-link-color wp-element-button\" href=\"https:\/\/drive.google.com\/file\/d\/1gu44DmTk1lDGnkH3QlmxyP0-5dCmaeFa\/view?usp=sharing\" style=\"color:#eee8dd;background-color:#998543\" target=\"_blank\" rel=\"noreferrer noopener\"><strong>\ud55c\uad6d\uc5b4<\/strong><\/a><\/div>\n\n\n\n<div class=\"wp-block-button has-custom-font-size c-home__links has-svn-gotham-font-family\" style=\"font-size:clamp(14px, 0.875rem + ((1vw - 3.2px) * 0.313), 17px);font-style:normal;font-weight:700\"><a class=\"wp-block-button__link has-text-color has-background has-link-color wp-element-button\" href=\"https:\/\/drive.google.com\/file\/d\/1gu44DmTk1lDGnkH3QlmxyP0-5dCmaeFa\/view?usp=sharing\" style=\"color:#eee8dd;background-color:#998543\" target=\"_blank\" rel=\"noreferrer noopener\"><strong><strong>\u4e2d\u6587<\/strong><\/strong><\/a><\/div>\n<\/div>\n\n\n\n<div style=\"height:10px\" aria-hidden=\"true\" class=\"wp-block-spacer\"><\/div>\n\n\n\n<h2 class=\"wp-block-heading alignfull has-text-align-center p-menu__title fadein has-text-color has-link-color has-svn-gotham-font-family wp-elements-4c49860c619b3e4e12d36b776f7ef48e\" style=\"color:#19322f;font-size:clamp(21.536px, 1.346rem + ((1vw - 3.2px) * 1.403), 35px);\"><strong>\u0110\u00e1nh gi\u00e1 t\u1eeb nh\u1eefng ng\u01b0\u1eddi y\u00eau \u1ea9m th\u1ef1c<\/strong><\/h2>\n\n\n\n<div style=\"height:10px\" aria-hidden=\"true\" class=\"wp-block-spacer\"><\/div>\n\n\n\n<div class=\"wp-block-group alignfull p-menu__slide fadein is-horizontal is-content-justification-center is-nowrap is-layout-flex wp-container-core-group-is-layout-7 wp-block-group-is-layout-flex\">\n<div class=\"wp-block-group p-menu__slide--items has-text-color has-background has-link-color wp-elements-f1a4025ba27ce6d65b62907651f1ed03 has-global-padding is-layout-constrained wp-container-core-group-is-layout-1 wp-block-group-is-layout-constrained\" style=\"color:#124734;background-color:#99854363;padding-top:40px;padding-right:30px;padding-bottom:40px;padding-left:30px\">\n<figure class=\"wp-block-image size-full\"><img loading=\"lazy\" decoding=\"async\" width=\"800\" height=\"143\" src=\"https:\/\/chuonchuonbistrobar.com\/wp-content\/uploads\/2024\/05\/stars.png\" alt=\"\" class=\"wp-image-169\" srcset=\"https:\/\/chuonchuonbistrobar.com\/wp-content\/uploads\/2024\/05\/stars.png 800w, https:\/\/chuonchuonbistrobar.com\/wp-content\/uploads\/2024\/05\/stars-300x54.png 300w, https:\/\/chuonchuonbistrobar.com\/wp-content\/uploads\/2024\/05\/stars-768x137.png 768w, https:\/\/chuonchuonbistrobar.com\/wp-content\/uploads\/2024\/05\/stars-18x3.png 18w\" sizes=\"(max-width: 800px) 100vw, 800px\" \/><\/figure>\n\n\n\n<p class=\"gotham-regular\">Kh\u00f4ng gian r\u1ea5t \u0111\u1eb9p, th\u00edch h\u1ee3p ng\u1eafm ho\u00e0ng h\u00f4n. \u0110\u00e2y l\u00e0 \u0111\u1ecba \u0111i\u1ec3m t\u00f4i lu\u00f4n gh\u00e9 \u0111\u1ebfn m\u1ed7i khi c\u00f3 d\u1ecbp ra \u0111\u1ea3o Ph\u00fa Qu\u1ed1c c\u00f4ng t\u00e1c ho\u1eb7c du l\u1ecbch. H\u1ea7u h\u1ebft c\u00e1c m\u00f3n trong menu \u0111\u1ec1u r\u1ea5t v\u1eeba v\u1eb7n, trang tr\u00ed r\u1ea5t \u0111\u1eb9p v\u00e0 \u0111\u01b0\u1ee3c d\u1ecdn ra v\u1edbi kh\u1ea9u ph\u1ea7n v\u1eeba \u0111\u1ee7 \u0103n.<\/p>\n<\/div>\n\n\n\n<div class=\"wp-block-group p-menu__slide--items has-text-color has-background has-link-color wp-elements-cf14d02d2f0170bc630a91f187637ebe has-global-padding is-layout-constrained wp-container-core-group-is-layout-2 wp-block-group-is-layout-constrained\" style=\"color:#124734;background-color:#99854363;padding-top:40px;padding-right:30px;padding-bottom:40px;padding-left:30px\">\n<figure class=\"wp-block-image size-full\"><img loading=\"lazy\" decoding=\"async\" width=\"800\" height=\"143\" src=\"https:\/\/chuonchuonbistrobar.com\/wp-content\/uploads\/2024\/05\/stars.png\" alt=\"\" class=\"wp-image-169\" srcset=\"https:\/\/chuonchuonbistrobar.com\/wp-content\/uploads\/2024\/05\/stars.png 800w, https:\/\/chuonchuonbistrobar.com\/wp-content\/uploads\/2024\/05\/stars-300x54.png 300w, https:\/\/chuonchuonbistrobar.com\/wp-content\/uploads\/2024\/05\/stars-768x137.png 768w, https:\/\/chuonchuonbistrobar.com\/wp-content\/uploads\/2024\/05\/stars-18x3.png 18w\" sizes=\"(max-width: 800px) 100vw, 800px\" \/><\/figure>\n\n\n\n<p class=\"gotham-regular\">Qu\u00e1n c\u00f3 vibe r\u1ea5t h\u1ee3p \u0111\u1ec3 h\u1eb9n h\u00f2, \u0111\u1ed3 \u0103n r\u1ea5t ngon v\u00e0 h\u1ee3p v\u1edbi kh\u1ea9u v\u1ecb c\u1ee7a m\u00ecnh, b\u00ean ngo\u00e0i c\u00f3 view nh\u00ecn xu\u1ed1ng th\u00e0nh ph\u1ed1 D\u01b0\u01a1ng \u0110\u00f4ng v\u1ec1 \u0111\u00eam \u0111\u1eb9p mi\u1ec5n b\u00e0n v\u00e0 service r\u1ea5t th\u00e2n thi\u1ec7n.<\/p>\n<\/div>\n\n\n\n<div class=\"wp-block-group p-menu__slide--items has-text-color has-background has-link-color wp-elements-b11118aef46c373f2226d3a6903401e9 has-global-padding is-layout-constrained wp-container-core-group-is-layout-3 wp-block-group-is-layout-constrained\" style=\"color:#124734;background-color:#99854363;padding-top:40px;padding-right:30px;padding-bottom:40px;padding-left:30px\">\n<figure class=\"wp-block-image size-full\"><img loading=\"lazy\" decoding=\"async\" width=\"800\" height=\"143\" src=\"https:\/\/chuonchuonbistrobar.com\/wp-content\/uploads\/2024\/05\/stars.png\" alt=\"\" class=\"wp-image-169\" srcset=\"https:\/\/chuonchuonbistrobar.com\/wp-content\/uploads\/2024\/05\/stars.png 800w, https:\/\/chuonchuonbistrobar.com\/wp-content\/uploads\/2024\/05\/stars-300x54.png 300w, https:\/\/chuonchuonbistrobar.com\/wp-content\/uploads\/2024\/05\/stars-768x137.png 768w, https:\/\/chuonchuonbistrobar.com\/wp-content\/uploads\/2024\/05\/stars-18x3.png 18w\" sizes=\"(max-width: 800px) 100vw, 800px\" \/><\/figure>\n\n\n\n<p class=\"has-text-align-left gotham-regular\">M\u00ecnh \u0111\u1ebfn \u0111\u00e2y v\u00e0o chi\u1ec1u ho\u00e0ng h\u00f4n v\u00e0 ch\u1ea1ng v\u1ea1ng t\u1ed1i. Kh\u00e1 th\u00edch c\u00e1ch c\u00e1c b\u1ea1n ti\u1ebfp \u0111\u00f3n v\u00e0 t\u01b0 v\u1ea5n \u0111\u1ebfn t\u1ee5i m\u00ecnh. V\u00ec c\u00f3 th\u1ec3 nh\u00ecn to\u00e0n Ph\u00fa Qu\u1ed1c n\u00ean m\u00ecnh \u0111\u00e3 c\u00f3 tr\u1ea3i nghi\u1ec7m \u0103n u\u1ed1ng r\u1ea5t \u0111\u00e1ng nh\u1edb.<\/p>\n<\/div>\n\n\n\n<div class=\"wp-block-group p-menu__slide--items has-text-color has-background has-link-color wp-elements-f1a4025ba27ce6d65b62907651f1ed03 has-global-padding is-layout-constrained wp-container-core-group-is-layout-4 wp-block-group-is-layout-constrained\" style=\"color:#124734;background-color:#99854363;padding-top:40px;padding-right:30px;padding-bottom:40px;padding-left:30px\">\n<figure class=\"wp-block-image size-full\"><img loading=\"lazy\" decoding=\"async\" width=\"800\" height=\"143\" src=\"https:\/\/chuonchuonbistrobar.com\/wp-content\/uploads\/2024\/05\/stars.png\" alt=\"\" class=\"wp-image-169\" srcset=\"https:\/\/chuonchuonbistrobar.com\/wp-content\/uploads\/2024\/05\/stars.png 800w, https:\/\/chuonchuonbistrobar.com\/wp-content\/uploads\/2024\/05\/stars-300x54.png 300w, https:\/\/chuonchuonbistrobar.com\/wp-content\/uploads\/2024\/05\/stars-768x137.png 768w, https:\/\/chuonchuonbistrobar.com\/wp-content\/uploads\/2024\/05\/stars-18x3.png 18w\" sizes=\"(max-width: 800px) 100vw, 800px\" \/><\/figure>\n\n\n\n<p class=\"gotham-regular\">Kh\u00f4ng gian r\u1ea5t \u0111\u1eb9p, th\u00edch h\u1ee3p ng\u1eafm ho\u00e0ng h\u00f4n. \u0110\u00e2y l\u00e0 \u0111\u1ecba \u0111i\u1ec3m t\u00f4i lu\u00f4n gh\u00e9 \u0111\u1ebfn m\u1ed7i khi c\u00f3 d\u1ecbp ra \u0111\u1ea3o Ph\u00fa Qu\u1ed1c c\u00f4ng t\u00e1c ho\u1eb7c du l\u1ecbch. H\u1ea7u h\u1ebft c\u00e1c m\u00f3n trong menu \u0111\u1ec1u r\u1ea5t v\u1eeba v\u1eb7n, trang tr\u00ed r\u1ea5t \u0111\u1eb9p v\u00e0 \u0111\u01b0\u1ee3c d\u1ecdn ra v\u1edbi kh\u1ea9u ph\u1ea7n v\u1eeba \u0111\u1ee7 \u0103n.<\/p>\n<\/div>\n\n\n\n<div class=\"wp-block-group p-menu__slide--items has-text-color has-background has-link-color wp-elements-cf14d02d2f0170bc630a91f187637ebe has-global-padding is-layout-constrained wp-container-core-group-is-layout-5 wp-block-group-is-layout-constrained\" style=\"color:#124734;background-color:#99854363;padding-top:40px;padding-right:30px;padding-bottom:40px;padding-left:30px\">\n<figure class=\"wp-block-image size-full\"><img loading=\"lazy\" decoding=\"async\" width=\"800\" height=\"143\" src=\"https:\/\/chuonchuonbistrobar.com\/wp-content\/uploads\/2024\/05\/stars.png\" alt=\"\" class=\"wp-image-169\" srcset=\"https:\/\/chuonchuonbistrobar.com\/wp-content\/uploads\/2024\/05\/stars.png 800w, https:\/\/chuonchuonbistrobar.com\/wp-content\/uploads\/2024\/05\/stars-300x54.png 300w, https:\/\/chuonchuonbistrobar.com\/wp-content\/uploads\/2024\/05\/stars-768x137.png 768w, https:\/\/chuonchuonbistrobar.com\/wp-content\/uploads\/2024\/05\/stars-18x3.png 18w\" sizes=\"(max-width: 800px) 100vw, 800px\" \/><\/figure>\n\n\n\n<p class=\"gotham-regular\">Qu\u00e1n c\u00f3 vibe r\u1ea5t h\u1ee3p \u0111\u1ec3 h\u1eb9n h\u00f2, \u0111\u1ed3 \u0103n r\u1ea5t ngon v\u00e0 h\u1ee3p v\u1edbi kh\u1ea9u v\u1ecb c\u1ee7a m\u00ecnh, b\u00ean ngo\u00e0i c\u00f3 view nh\u00ecn xu\u1ed1ng th\u00e0nh ph\u1ed1 D\u01b0\u01a1ng \u0110\u00f4ng v\u1ec1 \u0111\u00eam \u0111\u1eb9p mi\u1ec5n b\u00e0n v\u00e0 service r\u1ea5t th\u00e2n thi\u1ec7n.<\/p>\n<\/div>\n\n\n\n<div class=\"wp-block-group p-menu__slide--items has-text-color has-background has-link-color wp-elements-0538bd062881123867acd7513eb8a632 has-global-padding is-layout-constrained wp-container-core-group-is-layout-6 wp-block-group-is-layout-constrained\" style=\"color:#124734;background-color:#99854363;padding-top:40px;padding-right:30px;padding-bottom:40px;padding-left:30px\">\n<figure class=\"wp-block-image size-full\"><img loading=\"lazy\" decoding=\"async\" width=\"800\" height=\"143\" src=\"https:\/\/chuonchuonbistrobar.com\/wp-content\/uploads\/2024\/05\/stars.png\" alt=\"\" class=\"wp-image-169\" srcset=\"https:\/\/chuonchuonbistrobar.com\/wp-content\/uploads\/2024\/05\/stars.png 800w, https:\/\/chuonchuonbistrobar.com\/wp-content\/uploads\/2024\/05\/stars-300x54.png 300w, https:\/\/chuonchuonbistrobar.com\/wp-content\/uploads\/2024\/05\/stars-768x137.png 768w, https:\/\/chuonchuonbistrobar.com\/wp-content\/uploads\/2024\/05\/stars-18x3.png 18w\" sizes=\"(max-width: 800px) 100vw, 800px\" \/><\/figure>\n\n\n\n<p class=\"gotham-regular\">M\u00ecnh \u0111\u1ebfn \u0111\u00e2y v\u00e0o chi\u1ec1u ho\u00e0ng h\u00f4n v\u00e0 ch\u1ea1ng v\u1ea1ng t\u1ed1i. Kh\u00e1 th\u00edch c\u00e1ch c\u00e1c b\u1ea1n ti\u1ebfp \u0111\u00f3n v\u00e0 t\u01b0 v\u1ea5n \u0111\u1ebfn t\u1ee5i m\u00ecnh. V\u00ec c\u00f3 th\u1ec3 nh\u00ecn to\u00e0n Ph\u00fa Qu\u1ed1c n\u00ean m\u00ecnh \u0111\u00e3 c\u00f3 tr\u1ea3i nghi\u1ec7m \u0103n u\u1ed1ng r\u1ea5t \u0111\u00e1ng nh\u1edb.<\/p>\n<\/div>\n<\/div>\n<\/div>","protected":false},"excerpt":{"rendered":"<p>Food &amp; Drinks Menu Embark on a culinary journey with our menu blending local flavors and modern flair, promising a mouthwatering adventure with every delicious bite. PEOPLE TALK ABOUT US The restaurant has a very attractive panoramic view of the city, the atmosphere is comfortable and pleasant, the food and drinks are delicious and attractive. [&hellip;]<\/p>","protected":false},"author":1,"featured_media":0,"parent":0,"menu_order":0,"comment_status":"closed","ping_status":"closed","template":"","meta":{"om_disable_all_campaigns":false,"_monsterinsights_skip_tracking":false,"_monsterinsights_sitenote_active":false,"_monsterinsights_sitenote_note":"","_monsterinsights_sitenote_category":0,"_uf_show_specific_survey":0,"_uf_disable_surveys":false,"footnotes":""},"aioseo_notices":[],"class_list":["post-47","page","type-page","status-publish","hentry"],"_links":{"self":[{"href":"https:\/\/chuonchuonbistrobar.com\/vi\/wp-json\/wp\/v2\/pages\/47"}],"collection":[{"href":"https:\/\/chuonchuonbistrobar.com\/vi\/wp-json\/wp\/v2\/pages"}],"about":[{"href":"https:\/\/chuonchuonbistrobar.com\/vi\/wp-json\/wp\/v2\/types\/page"}],"author":[{"embeddable":true,"href":"https:\/\/chuonchuonbistrobar.com\/vi\/wp-json\/wp\/v2\/users\/1"}],"replies":[{"embeddable":true,"href":"https:\/\/chuonchuonbistrobar.com\/vi\/wp-json\/wp\/v2\/comments?post=47"}],"version-history":[{"count":24,"href":"https:\/\/chuonchuonbistrobar.com\/vi\/wp-json\/wp\/v2\/pages\/47\/revisions"}],"predecessor-version":[{"id":444,"href":"https:\/\/chuonchuonbistrobar.com\/vi\/wp-json\/wp\/v2\/pages\/47\/revisions\/444"}],"wp:attachment":[{"href":"https:\/\/chuonchuonbistrobar.com\/vi\/wp-json\/wp\/v2\/media?parent=47"}],"curies":[{"name":"wp","href":"https:\/\/api.w.org\/{rel}","templated":true}]}}