{"id":49,"date":"2024-05-06T07:01:27","date_gmt":"2024-05-06T07:01:27","guid":{"rendered":"https:\/\/chuonchuonbistrobar.com\/?page_id=49"},"modified":"2025-02-25T03:31:58","modified_gmt":"2025-02-25T03:31:58","slug":"gallery","status":"publish","type":"page","link":"https:\/\/chuonchuonbistrobar.com\/vi\/gallery\/","title":{"rendered":"Gallery"},"content":{"rendered":"<div class=\"wp-block-group alignfull p-gallery has-global-padding is-layout-constrained wp-container-core-group-is-layout-1 wp-block-group-is-layout-constrained\" style=\"padding-right:var(--wp--preset--spacing--10);padding-left:var(--wp--preset--spacing--10)\">\n<p class=\"has-text-align-center p-gallery__intro has-text-color has-link-color has-svn-gotham-font-family wp-elements-631b7dde804ce905e9d8e2609ba21dca\" style=\"color:#19322f;font-size:clamp(14px, 0.875rem + ((1vw - 3.2px) * 0.417), 18px);\">B\u1ed9 s\u01b0u t\u1eadp c\u00e1c h\u00ecnh \u1ea3nh v\u1ec1 Chu\u1ed3n Chu\u1ed3n Bistro &amp; Bar.\nC\u00f9ng ghi l\u1ea1i c\u00e1c kho\u1ea3nh kh\u1eafc tr\u1ea3i nghi\u1ec7m \u1ea9m th\u1ef1c v\u00e0 khung c\u1ea3nh thi\u00ean nhi\u00ean Ph\u00fa Qu\u1ed1c \u1ea5n t\u01b0\u1ee3ng<\/p>\n\n\n\n<figure class=\"wp-block-gallery alignfull has-nested-images columns-default is-cropped p-gallery__lists wp-block-gallery-1 is-layout-flex wp-block-gallery-is-layout-flex\">\n<figure class=\"wp-block-image size-large\"><img loading=\"lazy\" decoding=\"async\" width=\"402\" height=\"600\" src=\"https:\/\/chuonchuonbistrobar.com\/wp-content\/uploads\/2024\/05\/image-gallery-00.png\" alt=\"\" class=\"wp-image-333\" srcset=\"https:\/\/chuonchuonbistrobar.com\/wp-content\/uploads\/2024\/05\/image-gallery-00.png 402w, https:\/\/chuonchuonbistrobar.com\/wp-content\/uploads\/2024\/05\/image-gallery-00-201x300.png 201w, https:\/\/chuonchuonbistrobar.com\/wp-content\/uploads\/2024\/05\/image-gallery-00-8x12.png 8w\" sizes=\"(max-width: 402px) 100vw, 402px\" \/><\/figure>\n\n\n\n<figure class=\"wp-block-image size-large\"><img loading=\"lazy\" decoding=\"async\" width=\"901\" height=\"600\" src=\"https:\/\/chuonchuonbistrobar.com\/wp-content\/uploads\/2024\/05\/image-gallery-01.png\" alt=\"\" class=\"wp-image-337\" srcset=\"https:\/\/chuonchuonbistrobar.com\/wp-content\/uploads\/2024\/05\/image-gallery-01.png 901w, https:\/\/chuonchuonbistrobar.com\/wp-content\/uploads\/2024\/05\/image-gallery-01-300x200.png 300w, https:\/\/chuonchuonbistrobar.com\/wp-content\/uploads\/2024\/05\/image-gallery-01-768x511.png 768w, https:\/\/chuonchuonbistrobar.com\/wp-content\/uploads\/2024\/05\/image-gallery-01-18x12.png 18w\" sizes=\"(max-width: 901px) 100vw, 901px\" \/><\/figure>\n\n\n\n<figure class=\"wp-block-image size-large is-min\"><img loading=\"lazy\" decoding=\"async\" width=\"451\" height=\"600\" src=\"https:\/\/chuonchuonbistrobar.com\/wp-content\/uploads\/2024\/05\/image-gallery-02.png\" alt=\"\" class=\"wp-image-334\" srcset=\"https:\/\/chuonchuonbistrobar.com\/wp-content\/uploads\/2024\/05\/image-gallery-02.png 451w, https:\/\/chuonchuonbistrobar.com\/wp-content\/uploads\/2024\/05\/image-gallery-02-226x300.png 226w, https:\/\/chuonchuonbistrobar.com\/wp-content\/uploads\/2024\/05\/image-gallery-02-9x12.png 9w\" sizes=\"(max-width: 451px) 100vw, 451px\" \/><\/figure>\n\n\n\n<figure class=\"wp-block-image size-large\" id=\"is-min\"><img loading=\"lazy\" decoding=\"async\" width=\"901\" height=\"600\" src=\"https:\/\/chuonchuonbistrobar.com\/wp-content\/uploads\/2024\/05\/image-gallery-03.png\" alt=\"\" class=\"wp-image-341\" srcset=\"https:\/\/chuonchuonbistrobar.com\/wp-content\/uploads\/2024\/05\/image-gallery-03.png 901w, https:\/\/chuonchuonbistrobar.com\/wp-content\/uploads\/2024\/05\/image-gallery-03-300x200.png 300w, https:\/\/chuonchuonbistrobar.com\/wp-content\/uploads\/2024\/05\/image-gallery-03-768x511.png 768w, https:\/\/chuonchuonbistrobar.com\/wp-content\/uploads\/2024\/05\/image-gallery-03-18x12.png 18w\" sizes=\"(max-width: 901px) 100vw, 901px\" \/><\/figure>\n\n\n\n<figure class=\"wp-block-image size-large\"><img loading=\"lazy\" decoding=\"async\" width=\"902\" height=\"600\" src=\"https:\/\/chuonchuonbistrobar.com\/wp-content\/uploads\/2024\/05\/image-gallery-04.png\" alt=\"\" class=\"wp-image-346\" srcset=\"https:\/\/chuonchuonbistrobar.com\/wp-content\/uploads\/2024\/05\/image-gallery-04.png 902w, https:\/\/chuonchuonbistrobar.com\/wp-content\/uploads\/2024\/05\/image-gallery-04-300x200.png 300w, https:\/\/chuonchuonbistrobar.com\/wp-content\/uploads\/2024\/05\/image-gallery-04-768x511.png 768w, https:\/\/chuonchuonbistrobar.com\/wp-content\/uploads\/2024\/05\/image-gallery-04-18x12.png 18w\" sizes=\"(max-width: 902px) 100vw, 902px\" \/><\/figure>\n\n\n\n<figure class=\"wp-block-image size-large\"><img loading=\"lazy\" decoding=\"async\" width=\"901\" height=\"600\" src=\"https:\/\/chuonchuonbistrobar.com\/wp-content\/uploads\/2024\/05\/image-gallery-05.png\" alt=\"\" class=\"wp-image-336\" srcset=\"https:\/\/chuonchuonbistrobar.com\/wp-content\/uploads\/2024\/05\/image-gallery-05.png 901w, https:\/\/chuonchuonbistrobar.com\/wp-content\/uploads\/2024\/05\/image-gallery-05-300x200.png 300w, https:\/\/chuonchuonbistrobar.com\/wp-content\/uploads\/2024\/05\/image-gallery-05-768x511.png 768w, https:\/\/chuonchuonbistrobar.com\/wp-content\/uploads\/2024\/05\/image-gallery-05-18x12.png 18w\" sizes=\"(max-width: 901px) 100vw, 901px\" \/><\/figure>\n\n\n\n<figure class=\"wp-block-image size-large\"><img loading=\"lazy\" decoding=\"async\" width=\"900\" height=\"600\" src=\"https:\/\/chuonchuonbistrobar.com\/wp-content\/uploads\/2024\/05\/image-gallery-06.png\" alt=\"\" class=\"wp-image-344\" srcset=\"https:\/\/chuonchuonbistrobar.com\/wp-content\/uploads\/2024\/05\/image-gallery-06.png 900w, https:\/\/chuonchuonbistrobar.com\/wp-content\/uploads\/2024\/05\/image-gallery-06-300x200.png 300w, https:\/\/chuonchuonbistrobar.com\/wp-content\/uploads\/2024\/05\/image-gallery-06-768x512.png 768w, https:\/\/chuonchuonbistrobar.com\/wp-content\/uploads\/2024\/05\/image-gallery-06-18x12.png 18w\" sizes=\"(max-width: 900px) 100vw, 900px\" \/><\/figure>\n\n\n\n<figure class=\"wp-block-image size-large\"><img loading=\"lazy\" decoding=\"async\" width=\"901\" height=\"600\" src=\"https:\/\/chuonchuonbistrobar.com\/wp-content\/uploads\/2024\/05\/image-gallery-07.png\" alt=\"\" class=\"wp-image-335\" srcset=\"https:\/\/chuonchuonbistrobar.com\/wp-content\/uploads\/2024\/05\/image-gallery-07.png 901w, https:\/\/chuonchuonbistrobar.com\/wp-content\/uploads\/2024\/05\/image-gallery-07-300x200.png 300w, https:\/\/chuonchuonbistrobar.com\/wp-content\/uploads\/2024\/05\/image-gallery-07-768x511.png 768w, https:\/\/chuonchuonbistrobar.com\/wp-content\/uploads\/2024\/05\/image-gallery-07-18x12.png 18w\" sizes=\"(max-width: 901px) 100vw, 901px\" \/><\/figure>\n\n\n\n<figure class=\"wp-block-image size-large is-min\"><img loading=\"lazy\" decoding=\"async\" width=\"901\" height=\"600\" src=\"https:\/\/chuonchuonbistrobar.com\/wp-content\/uploads\/2024\/05\/image-gallery-08.png\" alt=\"\" class=\"wp-image-338\" srcset=\"https:\/\/chuonchuonbistrobar.com\/wp-content\/uploads\/2024\/05\/image-gallery-08.png 901w, https:\/\/chuonchuonbistrobar.com\/wp-content\/uploads\/2024\/05\/image-gallery-08-300x200.png 300w, https:\/\/chuonchuonbistrobar.com\/wp-content\/uploads\/2024\/05\/image-gallery-08-768x511.png 768w, https:\/\/chuonchuonbistrobar.com\/wp-content\/uploads\/2024\/05\/image-gallery-08-18x12.png 18w\" sizes=\"(max-width: 901px) 100vw, 901px\" \/><\/figure>\n\n\n\n<figure class=\"wp-block-image size-large\"><img loading=\"lazy\" decoding=\"async\" width=\"1024\" height=\"576\" src=\"https:\/\/chuonchuonbistrobar.com\/wp-content\/uploads\/2024\/05\/image-gallery-10-1024x576.png\" alt=\"\" class=\"wp-image-339\" srcset=\"https:\/\/chuonchuonbistrobar.com\/wp-content\/uploads\/2024\/05\/image-gallery-10-1024x576.png 1024w, https:\/\/chuonchuonbistrobar.com\/wp-content\/uploads\/2024\/05\/image-gallery-10-300x169.png 300w, https:\/\/chuonchuonbistrobar.com\/wp-content\/uploads\/2024\/05\/image-gallery-10-768x432.png 768w, https:\/\/chuonchuonbistrobar.com\/wp-content\/uploads\/2024\/05\/image-gallery-10-18x10.png 18w, https:\/\/chuonchuonbistrobar.com\/wp-content\/uploads\/2024\/05\/image-gallery-10.png 1067w\" sizes=\"(max-width: 1024px) 100vw, 1024px\" \/><\/figure>\n\n\n\n<figure class=\"wp-block-image size-large\"><img loading=\"lazy\" decoding=\"async\" width=\"1024\" height=\"575\" src=\"https:\/\/chuonchuonbistrobar.com\/wp-content\/uploads\/2024\/05\/image-gallery-11-1024x575.png\" alt=\"\" class=\"wp-image-342\" srcset=\"https:\/\/chuonchuonbistrobar.com\/wp-content\/uploads\/2024\/05\/image-gallery-11-1024x575.png 1024w, https:\/\/chuonchuonbistrobar.com\/wp-content\/uploads\/2024\/05\/image-gallery-11-300x169.png 300w, https:\/\/chuonchuonbistrobar.com\/wp-content\/uploads\/2024\/05\/image-gallery-11-768x431.png 768w, https:\/\/chuonchuonbistrobar.com\/wp-content\/uploads\/2024\/05\/image-gallery-11-18x10.png 18w, https:\/\/chuonchuonbistrobar.com\/wp-content\/uploads\/2024\/05\/image-gallery-11.png 1068w\" sizes=\"(max-width: 1024px) 100vw, 1024px\" \/><\/figure>\n\n\n\n<figure class=\"wp-block-image size-large\"><img loading=\"lazy\" decoding=\"async\" width=\"900\" height=\"600\" src=\"https:\/\/chuonchuonbistrobar.com\/wp-content\/uploads\/2024\/05\/image-gallery-12.png\" alt=\"\" class=\"wp-image-343\" srcset=\"https:\/\/chuonchuonbistrobar.com\/wp-content\/uploads\/2024\/05\/image-gallery-12.png 900w, https:\/\/chuonchuonbistrobar.com\/wp-content\/uploads\/2024\/05\/image-gallery-12-300x200.png 300w, https:\/\/chuonchuonbistrobar.com\/wp-content\/uploads\/2024\/05\/image-gallery-12-768x512.png 768w, https:\/\/chuonchuonbistrobar.com\/wp-content\/uploads\/2024\/05\/image-gallery-12-18x12.png 18w\" sizes=\"(max-width: 900px) 100vw, 900px\" \/><\/figure>\n\n\n\n<figure class=\"wp-block-image size-large\"><img loading=\"lazy\" decoding=\"async\" width=\"899\" height=\"600\" src=\"https:\/\/chuonchuonbistrobar.com\/wp-content\/uploads\/2024\/05\/image-gallery-13.png\" alt=\"\" class=\"wp-image-340\" srcset=\"https:\/\/chuonchuonbistrobar.com\/wp-content\/uploads\/2024\/05\/image-gallery-13.png 899w, https:\/\/chuonchuonbistrobar.com\/wp-content\/uploads\/2024\/05\/image-gallery-13-300x200.png 300w, https:\/\/chuonchuonbistrobar.com\/wp-content\/uploads\/2024\/05\/image-gallery-13-768x513.png 768w, https:\/\/chuonchuonbistrobar.com\/wp-content\/uploads\/2024\/05\/image-gallery-13-18x12.png 18w\" sizes=\"(max-width: 899px) 100vw, 899px\" \/><\/figure>\n\n\n\n<figure class=\"wp-block-image size-large is-min\"><img loading=\"lazy\" decoding=\"async\" width=\"620\" height=\"414\" src=\"https:\/\/chuonchuonbistrobar.com\/wp-content\/uploads\/2024\/05\/img-chuonchuonbistrobar-04.png\" alt=\"\" class=\"wp-image-65\" srcset=\"https:\/\/chuonchuonbistrobar.com\/wp-content\/uploads\/2024\/05\/img-chuonchuonbistrobar-04.png 620w, https:\/\/chuonchuonbistrobar.com\/wp-content\/uploads\/2024\/05\/img-chuonchuonbistrobar-04-300x200.png 300w, https:\/\/chuonchuonbistrobar.com\/wp-content\/uploads\/2024\/05\/img-chuonchuonbistrobar-04-18x12.png 18w\" sizes=\"(max-width: 620px) 100vw, 620px\" \/><\/figure>\n<\/figure>\n<\/div>","protected":false},"excerpt":{"rendered":"<p>B\u1ed9 s\u01b0u t\u1eadp c\u00e1c h\u00ecnh \u1ea3nh v\u1ec1 Chu\u1ed3n Chu\u1ed3n Bistro &amp; Bar.\nC\u00f9ng ghi l\u1ea1i c\u00e1c kho\u1ea3nh kh\u1eafc tr\u1ea3i nghi\u1ec7m \u1ea9m th\u1ef1c v\u00e0 khung c\u1ea3nh thi\u00ean nhi\u00ean Ph\u00fa Qu\u1ed1c \u1ea5n t\u01b0\u1ee3ng<\/p>","protected":false},"author":1,"featured_media":0,"parent":0,"menu_order":0,"comment_status":"closed","ping_status":"closed","template":"","meta":{"om_disable_all_campaigns":false,"_monsterinsights_skip_tracking":false,"_monsterinsights_sitenote_active":false,"_monsterinsights_sitenote_note":"","_monsterinsights_sitenote_category":0,"_uf_show_specific_survey":0,"_uf_disable_surveys":false,"footnotes":""},"aioseo_notices":[],"class_list":["post-49","page","type-page","status-publish","hentry"],"_links":{"self":[{"href":"https:\/\/chuonchuonbistrobar.com\/vi\/wp-json\/wp\/v2\/pages\/49"}],"collection":[{"href":"https:\/\/chuonchuonbistrobar.com\/vi\/wp-json\/wp\/v2\/pages"}],"about":[{"href":"https:\/\/chuonchuonbistrobar.com\/vi\/wp-json\/wp\/v2\/types\/page"}],"author":[{"embeddable":true,"href":"https:\/\/chuonchuonbistrobar.com\/vi\/wp-json\/wp\/v2\/users\/1"}],"replies":[{"embeddable":true,"href":"https:\/\/chuonchuonbistrobar.com\/vi\/wp-json\/wp\/v2\/comments?post=49"}],"version-history":[{"count":13,"href":"https:\/\/chuonchuonbistrobar.com\/vi\/wp-json\/wp\/v2\/pages\/49\/revisions"}],"predecessor-version":[{"id":429,"href":"https:\/\/chuonchuonbistrobar.com\/vi\/wp-json\/wp\/v2\/pages\/49\/revisions\/429"}],"wp:attachment":[{"href":"https:\/\/chuonchuonbistrobar.com\/vi\/wp-json\/wp\/v2\/media?parent=49"}],"curies":[{"name":"wp","href":"https:\/\/api.w.org\/{rel}","templated":true}]}}