{"id":51,"date":"2024-05-06T07:03:06","date_gmt":"2024-05-06T07:03:06","guid":{"rendered":"https:\/\/chuonchuonbistrobar.com\/?page_id=51"},"modified":"2024-05-21T06:35:58","modified_gmt":"2024-05-21T06:35:58","slug":"contact-us","status":"publish","type":"page","link":"https:\/\/chuonchuonbistrobar.com\/vi\/contact-us\/","title":{"rendered":"Contact US"},"content":{"rendered":"<div class=\"wp-block-group alignfull p_contacts has-global-padding is-layout-constrained wp-container-core-group-is-layout-9 wp-block-group-is-layout-constrained\" style=\"padding-top:0;padding-right:var(--wp--preset--spacing--10);padding-bottom:0;padding-left:var(--wp--preset--spacing--10)\">\n<div class=\"wp-block-group alignwide p-about-us is-content-justification-center is-nowrap is-layout-flex wp-container-core-group-is-layout-4 wp-block-group-is-layout-flex\">\n<figure class=\"wp-block-image size-full is-resized\"><img loading=\"lazy\" decoding=\"async\" width=\"818\" height=\"1092\" src=\"https:\/\/chuonchuonbistrobar.com\/wp-content\/uploads\/2024\/05\/img-about-us-01.png\" alt=\"\" class=\"wp-image-379\" style=\"width:409px\" srcset=\"https:\/\/chuonchuonbistrobar.com\/wp-content\/uploads\/2024\/05\/img-about-us-01.png 818w, https:\/\/chuonchuonbistrobar.com\/wp-content\/uploads\/2024\/05\/img-about-us-01-225x300.png 225w, https:\/\/chuonchuonbistrobar.com\/wp-content\/uploads\/2024\/05\/img-about-us-01-767x1024.png 767w, https:\/\/chuonchuonbistrobar.com\/wp-content\/uploads\/2024\/05\/img-about-us-01-768x1025.png 768w, https:\/\/chuonchuonbistrobar.com\/wp-content\/uploads\/2024\/05\/img-about-us-01-9x12.png 9w\" sizes=\"(max-width: 818px) 100vw, 818px\" \/><\/figure>\n\n\n\n<div class=\"wp-block-group p-about-us__contents is-vertical is-content-justification-left is-layout-flex wp-container-core-group-is-layout-3 wp-block-group-is-layout-flex\">\n<div class=\"wp-block-group fadein is-vertical is-layout-flex wp-container-core-group-is-layout-1 wp-block-group-is-layout-flex\">\n<p class=\"has-text-color has-link-color has-svn-gotham-font-family wp-elements-93917584d332fae88122068945b58cd7\" style=\"color:#124734;font-size:clamp(17.905px, 1.119rem + ((1vw - 3.2px) * 1.052), 28px);\">V\u1ec1 ch\u00fang t\u00f4i<\/p>\n\n\n\n<p class=\"has-text-color has-link-color has-svn-gotham-font-family wp-elements-027a75fce023002328aad745b1645456\" style=\"color:#124734;font-size:clamp(27.894px, 1.743rem + ((1vw - 3.2px) * 2.094), 48px);line-height:1\"><strong>TR\u1ea2I NGHI\u1ec6M <br>ALL-DAY DINING<\/strong><\/p>\n\n\n\n<p class=\"font-playfair has-text-color has-link-color has-playfair-display-font-family wp-elements-faa95155fcd913f19e3c3f23c091d94d\" style=\"color:#19322f;font-size:clamp(14.642px, 0.915rem + ((1vw - 3.2px) * 0.766), 22px);font-style:italic;font-weight:400\">V\u1edbi t\u1ea7m nh\u00ecn to\u00e0n c\u1ea3nh Ph\u00fa Qu\u1ed1c<\/p>\n<\/div>\n\n\n\n<div class=\"wp-block-group p-about-us__contents--intros fadein has-global-padding is-layout-constrained wp-block-group-is-layout-constrained\">\n<p class=\"has-svn-gotham-font-family\" style=\"font-size:clamp(14px, 0.875rem + ((1vw - 3.2px) * 0.313), 17px);\">T\u1ea1i Chu\u1ed3n Chu\u1ed3n Bistro &amp; Bar, ch\u00fang t\u00f4i mang \u0111\u1ebfn cho b\u1ea1n tr\u1ea3i nghi\u1ec7m \u1ea5m th\u1ef1c Fusion ng\u1eafm nh\u00ecn to\u00e0n c\u1ea3nh th\u1ecb tr\u1ea5n D\u01b0\u01a1ng \u0110\u00f4ng tuy\u1ec7t \u0111\u1eb9p, bi\u1ebfn n\u01a1i \u0111\u00e2y th\u00e0nh \u0111i\u1ec3m \u0111\u1ebfn kh\u00f4ng th\u1ec3 b\u1ecf qua khi kh\u00e1m ph\u00e1 \u0111\u1ea3o Ph\u00fa Qu\u1ed1c.<\/p>\n\n\n\n<p class=\"has-svn-gotham-font-family\" style=\"font-size:clamp(14px, 0.875rem + ((1vw - 3.2px) * 0.313), 17px);\">C\u00f2n ch\u1ea7n ch\u1eeb g\u00ec n\u1eefa? H\u00e3y \u0111\u1eb7t ch\u00e2n \u0111\u1ebfn Chu\u1ed3n Chu\u1ed3n Bistro &amp; Bar v\u00e0 t\u1eadn h\u01b0\u1edfng nh\u1eefng kho\u1ea3nh kh\u1eafc tuy\u1ec7t v\u1eddi nh\u1ea5t cho chuy\u1ebfn du l\u1ecbch c\u1ee7a b\u1ea1n.<\/p>\n<\/div>\n<\/div>\n<\/div>\n\n\n\n<div class=\"wp-block-columns alignwide p-contacts overflow-hidden is-layout-flex wp-container-core-columns-is-layout-1 wp-block-columns-is-layout-flex\" style=\"padding-right:0px;padding-left:0px\">\n<div class=\"wp-block-column p-contacts__contents is-layout-flow wp-block-column-is-layout-flow\" style=\"padding-right:0;padding-left:0\">\n<div class=\"wp-block-group p-contact__contents fadein has-global-padding is-layout-constrained wp-container-core-group-is-layout-7 wp-block-group-is-layout-constrained\" style=\"padding-right:0;padding-left:0\">\n<h1 class=\"wp-block-heading p-contact__contents--title has-text-color has-link-color has-svn-gotham-font-family wp-elements-4bbecf9871c78bd08a27598fe6419372\" style=\"color:#19322f;font-size:clamp(23.54px, 1.471rem + ((1vw - 3.2px) * 1.61), 39px);font-style:normal;font-weight:700\"><strong>LI\u00caN H\u1ec6<\/strong><\/h1>\n\n\n\n<p class=\"p-contact__contents--content has-text-color has-link-color has-svn-gotham-font-family wp-elements-e6d4a43506f3130acf9cdc839ea5106a\" style=\"color:#19322f;font-size:clamp(14px, 0.875rem + ((1vw - 3.2px) * 0.313), 17px);\">T\u1ea1i Chu\u1ed3n Chu\u1ed3n Bistro &amp; Bar, ch\u00fang t\u00f4i mong mu\u1ed1n mang \u0111\u1ebfn nh\u1eefng tr\u1ea3i nghi\u1ec7m \u1ea9m th\u1ef1c \u0111\u1eb7c bi\u1ec7t cho b\u1ea1n. N\u1ebfu c\u00f3 b\u1ea5t k\u1ef3 c\u00e2u h\u1ecfi ho\u1eb7c ph\u1ea3n h\u1ed3i n\u00e0o, b\u1ea1n c\u00f3 th\u1ec3 li\u00ean h\u1ec7 v\u1edbi ch\u00fang t\u00f4i qua th\u00f4ng tin li\u00ean l\u1ea1c sau:<\/p>\n\n\n\n<hr class=\"wp-block-separator alignfull has-alpha-channel-opacity\"\/>\n\n\n\n<div class=\"wp-block-group has-global-padding is-layout-constrained wp-container-core-group-is-layout-5 wp-block-group-is-layout-constrained\">\n<h3 class=\"wp-block-heading p-contact__contents--subtitle has-text-color has-link-color has-svn-gotham-font-family wp-elements-0ee1f0e4b7e76a70047eb12b959eed4e\" style=\"color:#19322f;font-size:clamp(18.434px, 1.152rem + ((1vw - 3.2px) * 1.101), 29px);font-style:normal;font-weight:700\"><strong>Hotline \/ Ch\u0103m S\u00f3c Kh\u00e1ch H\u00e0ng<\/strong><\/h3>\n\n\n\n<p class=\"no-underline p-contact__contents--content has-text-color has-link-color has-svn-gotham-font-family wp-elements-6caf33dca9f4e432e9f2f3710df2e9b3\" style=\"color:#19322f;font-size:clamp(14px, 0.875rem + ((1vw - 3.2px) * 0.625), 20px);font-style:normal;font-weight:400\"><a href=\"tel: 84 297 3608 883\">+84 297 3608 883<\/a><\/p>\n<\/div>\n\n\n\n<div class=\"wp-block-group has-global-padding is-layout-constrained wp-container-core-group-is-layout-6 wp-block-group-is-layout-constrained\">\n<h3 class=\"wp-block-heading p-contact__contents--subtitle has-text-color has-link-color has-svn-gotham-font-family wp-elements-290ce2092d4491bbe64c5fb491258abf\" style=\"color:#19322f;font-size:clamp(18.434px, 1.152rem + ((1vw - 3.2px) * 1.101), 29px);font-style:normal;font-weight:700\"><strong><strong>\u0110\u1ecba Ch\u1ec9<\/strong><\/strong><\/h3>\n\n\n\n<p class=\"p-contact__contents--content has-text-color has-link-color has-svn-gotham-font-family wp-elements-65fac299bda0e4acbfdeb0693a48d5af\" style=\"color:#19322f;font-size:clamp(14px, 0.875rem + ((1vw - 3.2px) * 0.313), 17px);\">\u0110\u1ed3i Sao Mai, 69 Tr\u1ea7n H\u01b0ng \u0110\u1ea1o, D\u01b0\u01a1ng \u0110\u00f4ng, Ph\u00fa Qu\u1ed1c, Vi\u1ec7t Nam<\/p>\n<\/div>\n<\/div>\n<\/div>\n\n\n\n<div class=\"wp-block-column is-layout-flow wp-block-column-is-layout-flow\">\n<div class=\"wp-block-group p-contacts__map is-content-justification-right is-nowrap is-layout-flex wp-container-core-group-is-layout-8 wp-block-group-is-layout-flex\" style=\"padding-right:0;padding-left:0\">\n<iframe src=\"https:\/\/www.google.com\/maps\/embed?pb=!1m14!1m8!1m3!1d15706.56466952843!2d103.9665768!3d10.2097672!3m2!1i1024!2i768!4f13.1!3m3!1m2!1s0x31a78c63f5fd8db1%3A0xddbbf3c507855ee!2zQ2h14buTbiBDaHXhu5NuIEJpc3RybyAmIEJhcg!5e0!3m2!1svi!2s!4v1709816663843!5m2!1svi!2s\" width=\"470\" height=\"810\" style=\"border:0;\" allowfullscreen=\"\" loading=\"lazy\" referrerpolicy=\"no-referrer-when-downgrade\"><\/iframe>\n<\/div>\n<\/div>\n<\/div>\n<\/div>","protected":false},"excerpt":{"rendered":"<p>About us ALL-DAY DINING EXPERIENCE with Phu Quoc city view Chu\u1ed3n Chu\u1ed3n Bistro &amp; Bar is more than just a restaurant; it&#8217;s an experience that will linger long after your meal is over. Whether you&#8217;re seeking a romantic spot, a memorable dining experience with friends, or a family outing with a difference, Chu\u1ed3n Chu\u1ed3n Bistro [&hellip;]<\/p>","protected":false},"author":1,"featured_media":0,"parent":0,"menu_order":0,"comment_status":"closed","ping_status":"closed","template":"","meta":{"om_disable_all_campaigns":false,"_monsterinsights_skip_tracking":false,"_monsterinsights_sitenote_active":false,"_monsterinsights_sitenote_note":"","_monsterinsights_sitenote_category":0,"_uf_show_specific_survey":0,"_uf_disable_surveys":false,"footnotes":""},"aioseo_notices":[],"class_list":["post-51","page","type-page","status-publish","hentry"],"_links":{"self":[{"href":"https:\/\/chuonchuonbistrobar.com\/vi\/wp-json\/wp\/v2\/pages\/51"}],"collection":[{"href":"https:\/\/chuonchuonbistrobar.com\/vi\/wp-json\/wp\/v2\/pages"}],"about":[{"href":"https:\/\/chuonchuonbistrobar.com\/vi\/wp-json\/wp\/v2\/types\/page"}],"author":[{"embeddable":true,"href":"https:\/\/chuonchuonbistrobar.com\/vi\/wp-json\/wp\/v2\/users\/1"}],"replies":[{"embeddable":true,"href":"https:\/\/chuonchuonbistrobar.com\/vi\/wp-json\/wp\/v2\/comments?post=51"}],"version-history":[{"count":48,"href":"https:\/\/chuonchuonbistrobar.com\/vi\/wp-json\/wp\/v2\/pages\/51\/revisions"}],"predecessor-version":[{"id":382,"href":"https:\/\/chuonchuonbistrobar.com\/vi\/wp-json\/wp\/v2\/pages\/51\/revisions\/382"}],"wp:attachment":[{"href":"https:\/\/chuonchuonbistrobar.com\/vi\/wp-json\/wp\/v2\/media?parent=51"}],"curies":[{"name":"wp","href":"https:\/\/api.w.org\/{rel}","templated":true}]}}